{"id":39,"date":"2014-02-04T19:48:53","date_gmt":"2014-02-04T19:48:53","guid":{"rendered":"http:\/\/kyudocz.cz?page_id=39"},"modified":"2025-09-10T12:11:01","modified_gmt":"2025-09-10T10:11:01","slug":"kontakt","status":"publish","type":"page","link":"https:\/\/kyudocz.cz\/?page_id=39","title":{"rendered":"Kontakt"},"content":{"rendered":"<p>Pro obecn\u00e9 informace a&nbsp;tr\u00e9ninky:<br \/>\n<a href=\"mailto:info@kyudocz.cz\">info@kyudocz.cz<\/a><\/p>\n<p>V\u00e1clav Ku\u010dera (4.&nbsp;dan)<br \/>\nLetohradsk\u00e1 62<br \/>\n170&nbsp;00 Praha 7<br \/>\n<a href=\"mailto:kucera@urusi.cz\">kucera@urusi.cz<br \/>\n<\/a><\/p>\n<p>Dojo:<br \/>\nTyr\u0161\u016fv d\u016fm<br \/>\n\u00dajezd 450\/40,<br \/>\n118&nbsp;01 Mal\u00e1 Strana<br \/>\nCvi\u010d\u00edme na&nbsp;galerii u&nbsp;T1<br \/>\nwe practice in gallery above gym T1<br \/>\n<a href=\"https:\/\/maps.app.goo.gl\/FBZw6sTW3kQFef4w9\">GMaps<\/a><br \/>\n<a href=\"https:\/\/en.mapy.cz\/s\/kotupubole\">Mapy.cz<\/a><\/p>\n<p>I\u010cO:\u00a0<strong><span class=\"nowrap\">270&nbsp;37&nbsp;941 <\/span><\/strong><span class=\"nowrap\">(datum vzniku\u00a0<\/span><span class=\"nowrap\">4.&nbsp;\u010dervence 2006)<\/span><\/p>\n<p>\u010c\u00edslo bankovn\u00edho \u00fa\u010dtu:\u00a0<strong>2100124843 \/ 2010<\/strong><\/p>\n","protected":false},"excerpt":{"rendered":"<p>Pro obecn\u00e9 informace a&nbsp;tr\u00e9ninky: info@kyudocz.cz V\u00e1clav Ku\u010dera (4.&nbsp;dan) Letohradsk\u00e1 62&nbsp;170&nbsp;00 Praha 7 kucera@urusi.cz Dojo: Tyr\u0161\u016fv d\u016fm \u00dajezd 450\/40, 118&nbsp;01 Mal\u00e1 Strana Cvi\u010d\u00edme na&nbsp;galerii u&nbsp;T1 we practice in gallery above gym T1 GMaps Mapy.cz I\u010cO:\u00a0270&nbsp;37&nbsp;941 (datum vzniku\u00a04.&nbsp;\u010dervence 2006) \u010c\u00edslo bankovn\u00edho \u00fa\u010dtu:\u00a02100124843 \/ 2010<\/p>\n","protected":false},"author":1,"featured_media":0,"parent":0,"menu_order":0,"comment_status":"closed","ping_status":"open","template":"","meta":[],"yoast_head":"<!-- This site is optimized with the Yoast SEO plugin v16.3 - https:\/\/yoast.com\/wordpress\/plugins\/seo\/ -->\n<meta name=\"robots\" content=\"index, follow, max-snippet:-1, max-image-preview:large, max-video-preview:-1\" \/>\n<link rel=\"canonical\" href=\"https:\/\/kyudocz.cz\/?page_id=39\" \/>\n<meta property=\"og:locale\" content=\"cs_CZ\" \/>\n<meta property=\"og:type\" content=\"article\" \/>\n<meta property=\"og:title\" content=\"Kontakt - Kyudo CZ\" \/>\n<meta property=\"og:description\" content=\"Pro obecn\u00e9 informace a&nbsp;tr\u00e9ninky: info@kyudocz.cz V\u00e1clav Ku\u010dera (4.&nbsp;dan) Letohradsk\u00e1 62 170&nbsp;00 Praha 7 kucera@urusi.cz Dojo: Tyr\u0161\u016fv d\u016fm \u00dajezd 450\/40, 118&nbsp;01 Mal\u00e1 Strana Cvi\u010d\u00edme na&nbsp;galerii u&nbsp;T1 we practice in gallery above gym T1 GMaps Mapy.cz I\u010cO:\u00a0270&nbsp;37&nbsp;941 (datum vzniku\u00a04.&nbsp;\u010dervence 2006) \u010c\u00edslo bankovn\u00edho \u00fa\u010dtu:\u00a02100124843 \/ 2010\" \/>\n<meta property=\"og:url\" content=\"https:\/\/kyudocz.cz\/?page_id=39\" \/>\n<meta property=\"og:site_name\" content=\"Kyudo CZ\" \/>\n<meta property=\"article:modified_time\" content=\"2025-09-10T10:11:01+00:00\" \/>\n<meta name=\"twitter:card\" content=\"summary_large_image\" \/>\n<meta name=\"twitter:label1\" content=\"Odhadovan\u00e1 doba \u010dten\u00ed\">\n\t<meta name=\"twitter:data1\" content=\"1 minuta\">\n<script type=\"application\/ld+json\" class=\"yoast-schema-graph\">{\"@context\":\"https:\/\/schema.org\",\"@graph\":[{\"@type\":\"Organization\",\"@id\":\"https:\/\/kyudocz.cz\/#organization\",\"name\":\"\\u010cesk\\u00e1 asociace Japonsk\\u00e9 lukost\\u0159elby kjudo\",\"url\":\"https:\/\/kyudocz.cz\/\",\"sameAs\":[],\"logo\":{\"@type\":\"ImageObject\",\"@id\":\"https:\/\/kyudocz.cz\/#logo\",\"inLanguage\":\"cs\",\"url\":\"https:\/\/kyudocz.cz\/wp-content\/uploads\/2020\/12\/logo_kyudo.jpg\",\"contentUrl\":\"https:\/\/kyudocz.cz\/wp-content\/uploads\/2020\/12\/logo_kyudo.jpg\",\"width\":500,\"height\":256,\"caption\":\"\\u010cesk\\u00e1 asociace Japonsk\\u00e9 lukost\\u0159elby kjudo\"},\"image\":{\"@id\":\"https:\/\/kyudocz.cz\/#logo\"}},{\"@type\":\"WebSite\",\"@id\":\"https:\/\/kyudocz.cz\/#website\",\"url\":\"https:\/\/kyudocz.cz\/\",\"name\":\"Kyudo CZ\",\"description\":\"\",\"publisher\":{\"@id\":\"https:\/\/kyudocz.cz\/#organization\"},\"potentialAction\":[{\"@type\":\"SearchAction\",\"target\":\"https:\/\/kyudocz.cz\/?s={search_term_string}\",\"query-input\":\"required name=search_term_string\"}],\"inLanguage\":\"cs\"},{\"@type\":\"WebPage\",\"@id\":\"https:\/\/kyudocz.cz\/?page_id=39#webpage\",\"url\":\"https:\/\/kyudocz.cz\/?page_id=39\",\"name\":\"Kontakt - Kyudo CZ\",\"isPartOf\":{\"@id\":\"https:\/\/kyudocz.cz\/#website\"},\"datePublished\":\"2014-02-04T19:48:53+00:00\",\"dateModified\":\"2025-09-10T10:11:01+00:00\",\"breadcrumb\":{\"@id\":\"https:\/\/kyudocz.cz\/?page_id=39#breadcrumb\"},\"inLanguage\":\"cs\",\"potentialAction\":[{\"@type\":\"ReadAction\",\"target\":[\"https:\/\/kyudocz.cz\/?page_id=39\"]}]},{\"@type\":\"BreadcrumbList\",\"@id\":\"https:\/\/kyudocz.cz\/?page_id=39#breadcrumb\",\"itemListElement\":[{\"@type\":\"ListItem\",\"position\":1,\"item\":{\"@type\":\"WebPage\",\"@id\":\"https:\/\/kyudocz.cz\/\",\"url\":\"https:\/\/kyudocz.cz\/\",\"name\":\"Dom\\u016f\"}},{\"@type\":\"ListItem\",\"position\":2,\"item\":{\"@id\":\"https:\/\/kyudocz.cz\/?page_id=39#webpage\"}}]}]}<\/script>\n<!-- \/ Yoast SEO plugin. -->","_links":{"self":[{"href":"https:\/\/kyudocz.cz\/index.php?rest_route=\/wp\/v2\/pages\/39"}],"collection":[{"href":"https:\/\/kyudocz.cz\/index.php?rest_route=\/wp\/v2\/pages"}],"about":[{"href":"https:\/\/kyudocz.cz\/index.php?rest_route=\/wp\/v2\/types\/page"}],"author":[{"embeddable":true,"href":"https:\/\/kyudocz.cz\/index.php?rest_route=\/wp\/v2\/users\/1"}],"replies":[{"embeddable":true,"href":"https:\/\/kyudocz.cz\/index.php?rest_route=%2Fwp%2Fv2%2Fcomments&post=39"}],"version-history":[{"count":10,"href":"https:\/\/kyudocz.cz\/index.php?rest_route=\/wp\/v2\/pages\/39\/revisions"}],"predecessor-version":[{"id":5236,"href":"https:\/\/kyudocz.cz\/index.php?rest_route=\/wp\/v2\/pages\/39\/revisions\/5236"}],"wp:attachment":[{"href":"https:\/\/kyudocz.cz\/index.php?rest_route=%2Fwp%2Fv2%2Fmedia&parent=39"}],"curies":[{"name":"wp","href":"https:\/\/api.w.org\/{rel}","templated":true}]}}